{"id":47,"date":"2017-12-13T13:12:38","date_gmt":"2017-12-13T11:12:38","guid":{"rendered":"https:\/\/www.wuhlesyndikat.de\/wordpress\/?page_id=47"},"modified":"2019-09-19T14:02:18","modified_gmt":"2019-09-19T12:02:18","slug":"tsk","status":"publish","type":"page","link":"https:\/\/www.wuhlesyndikat.de\/wordpress\/tsk","title":{"rendered":"TSK"},"content":{"rendered":"<p><span style=\"font-weight: bold;\"><img loading=\"lazy\" class=\"alignnone\" src=\"https:\/\/www.wuhlesyndikat.de\/motive\/tskzwei.jpg\" alt=\"\" width=\"425\" height=\"200\" \/><br \/>\n<\/span><\/p>\n<p><span style=\"font-weight: bold;\">Teen Spirit K\u00f6penick: Abriss zur Entstehung und Entwicklung der Gruppe <\/span><\/p>\n<p>Anfang 2006 kam in den K\u00f6pfen einzelner Wuhlesyndikat-Mitglieder die Idee auf, die Jugend auf der Waldseite zu b\u00fcndeln und ihnen den Zugang zur Ultraszene zu erleichtern. An sich schon merkw\u00fcrdig der sp\u00fcrbare Zuwachs an Jugendlichen in unserem Block zu dieser Zeit, da Union in der Oberliga ein begrenzt attraktives Dasein fristete mit unspektakul\u00e4ren Gegnern auf Spielfeld und R\u00e4ngen. Faktoren wie billigere Eintrittspreise, vermehrte Freitags(heim)spiele sowie Ausw\u00e4rtsfahrten, die allesamt mit Regionalz\u00fcgen bestritten werden konnten, spielten beim zunehmenden Interesse der jungen Leuten an Union wahrscheinlich eine Rolle. Die Meinungen unserer Gruppenmitglieder waren jedenfalls ziemlich eindeutig. Wir mussten diese Chance einer Jugendgruppe am Schopfe packen, um Ultra\u2018 K\u00f6penick weiter voranzutreiben! Jedoch nicht ohne schl\u00fcssiges Konzept, f\u00fcr welches man Ideen und Vorschl\u00e4ge nach und nach zusammentrug. An einem Samstagnachmittag im Juni 2006 kam es dann zu einem Treffen in kleinerer Runde bei einem f\u00fchrenden WS-Mitglied zu Hause. Wir arbeiteten das Konzept eines \u201eSammelbeckens f\u00fcr ultraorientierte Jugendliche\u201c aus und einigten uns auf viele Eckpunkte.<\/p>\n<p>Nach einem Heimspiel Anfang September fand dann ein Basteltag statt, zu welchem man per Wald-Seite (damals in einem heute kaum noch vorstellbaren Umfang von nur 4 Seiten) und Mundpropaganda alle interessierten Jugendlichen in unsere R\u00e4umlichkeiten einlud. Die Beteiligung von ca. 30 Leuten war in Ordnung und neben dem F\u00e4hnchenbasteln kam man mit einigen Jungschen ganz gut ins Gespr\u00e4ch und stellte fest, dass einige der Anwesenden schon echt viel Ahnung von der Materie Ultra\u2018 hatten. Andere hingegen gar nicht. Wir konnten diesen Tag dennoch als Erfolg verbuchen und der erste Schritt zur Jugendgruppe war getan. Was allerdings noch fehlte, war ein Name f\u00fcr die Gruppe. Urspr\u00fcnglich sollte dieser auf jeden Fall eine direkte Verbindung zum WS haben. Trotz Buchstaben Hin- und Herschieberei fehlte aber einfach die z\u00fcndende Idee. \u201eWasserSuppe\u201c, \u201ePatenkinder\u201c, \u201enachWuchS\u201c oder \u201eWaghalSig\u201c standen bspw. im Raum. Nach 3-4 weiteren Lagertagen, an denen die Jugendlichen uns erneut unterst\u00fctzten, lud man dann alle zum inoffiziellen Gr\u00fcndungstreffen der Jugendgruppe ein. Dort gab es eine Abstimmungsliste mit allen relevanten Namen. Jeder Anwesende von der zuk\u00fcnftigen Nachwuchsgruppe durfte f\u00fcr einen der Namen stimmen. Als Ergebnis stand dann ziemlich eindeutig der Name \u201eTeen Spirit K\u00f6penick\u201c fest. Eine Idee, die sich erst 3-4 Tage vorm Treffen entwickelte und einige Zweifel bez\u00fcglich des Begriffs \u201eTeen\u201c mit sich brachte. Doch die Entscheidung war gef\u00e4llt und die ersten Mitgliedsantr\u00e4ge wurden unterschrieben. Somit ist dieser Tag, der 11.10.2006 auch das Gr\u00fcndungsdatum von TSK.<\/p>\n<p>Seitdem sind nun einige Jahre vergangen. Die Gruppe Teen Spirit K\u00f6penick hat seit 2006 alle Sachen durchgezogen, die die Vielfalt von Ultra\u2018 in K\u00f6penick ausmachen. Leidenschaftlicher Support, gelungene Choreos, unvergessliche Feiern, utopisch gute Fahrten, Unterst\u00fctzung des 1.FC Union Berlins in unterschiedlichen Belangen und nat\u00fcrlich noch viele weitere dazugeh\u00f6rige Aspekte. Dabei stellt die Mitglieder-Fluktuation nat\u00fcrlich Saison f\u00fcr Saison eine Herausforderung dar, die es immer wieder aufs Neue zu bew\u00e4ltigen gilt. In den nun 11 Jahren der Gruppe sind wirklich eine Menge Leute auf der Strecke geblieben, gehen teils gar nicht mehr zu Union oder haben sich von der Ultrasache abgewendet und in anderen Bereichen ihre Erf\u00fcllung gefunden. Mindestens genauso viele, wenn nicht sogar der Gro\u00dfteil, haben sich aber durchgebissen, sind wichtige S\u00e4ulen beim Wuhlesyndikat geworden und ihr Leben wird durch Ultra\u2018 gepr\u00e4gt. Jeder muss einfach seinen richtigen Weg finden! Generell kann man festhalten, dass es von jedem TSK Mitglied das Ziel ist, irgendwann zum Wuhlesyndikat zu kommen.<\/p>\n<p>Ein wichtiger Meilenstein f\u00fcr die eigene Nachwuchssicherung ist der Szene K\u00f6penick F\u00f6rderkreis, der in erster Linie auf Wirken von TSK initiiert wurde. Zuvor gab es den WS F\u00f6rderkreis bereits, dieser war jedoch ein recht loses und stiefm\u00fctterlich behandeltes Gebilde ohne jegliches Konzept und ohne jegliche Inhalte, die eine Fu\u00dfballfanszene weiterentwickeln k\u00f6nnen. Nur 2 H\u00e4nde voll Mitglieder bringen einen nun mal nicht voran, sodass der Schritt zu einem gro\u00dfen F\u00f6rderkreis mit mehreren Hundert Mitgliedern und festen Strukturen irgendwann unumg\u00e4nglich war. Neben der ideellen und finanziellen Unterst\u00fctzung f\u00fcr die Ultraszene steht f\u00fcr TSK wie bereits erw\u00e4hnt die Gewinnung von neuen Mitgliedern im Fokus. In der nun sechsten Saison des F\u00f6rderkreises kann man mit gutem Gewissen behaupten, dass unsere Intention hinter dem Szene K\u00f6penick F\u00f6rderkreis aufgegangen ist. Inzwischen sind alle Mitglieder von TSK \u00fcber den F\u00f6rderkreis Teil der Ultrabewegung des 1.FC Union Berlin geworden. Es fehlt somit definitiv nicht an Interesse an TSK und somit gleichzeitig auch nicht am Wuhlesyndikat, was uns weiterhin positiv in die Zukunft schauen l\u00e4sst!<\/p>\n<p>Wuhlesyndikat 2002<\/p>\n","protected":false},"excerpt":{"rendered":"<p>Teen Spirit K\u00f6penick: Abriss zur Entstehung und Entwicklung der Gruppe Anfang 2006 kam in den K\u00f6pfen einzelner Wuhlesyndikat-Mitglieder die Idee auf, die Jugend auf der Waldseite zu b\u00fcndeln und ihnen den Zugang zur Ultraszene zu erleichtern. An sich schon merkw\u00fcrdig der sp\u00fcrbare Zuwachs an Jugendlichen in unserem Block zu dieser Zeit, da Union in der [&hellip;]<\/p>\n","protected":false},"author":2,"featured_media":0,"parent":0,"menu_order":0,"comment_status":"closed","ping_status":"closed","template":"","meta":[],"_links":{"self":[{"href":"https:\/\/www.wuhlesyndikat.de\/wordpress\/wp-json\/wp\/v2\/pages\/47"}],"collection":[{"href":"https:\/\/www.wuhlesyndikat.de\/wordpress\/wp-json\/wp\/v2\/pages"}],"about":[{"href":"https:\/\/www.wuhlesyndikat.de\/wordpress\/wp-json\/wp\/v2\/types\/page"}],"author":[{"embeddable":true,"href":"https:\/\/www.wuhlesyndikat.de\/wordpress\/wp-json\/wp\/v2\/users\/2"}],"replies":[{"embeddable":true,"href":"https:\/\/www.wuhlesyndikat.de\/wordpress\/wp-json\/wp\/v2\/comments?post=47"}],"version-history":[{"count":11,"href":"https:\/\/www.wuhlesyndikat.de\/wordpress\/wp-json\/wp\/v2\/pages\/47\/revisions"}],"predecessor-version":[{"id":3281,"href":"https:\/\/www.wuhlesyndikat.de\/wordpress\/wp-json\/wp\/v2\/pages\/47\/revisions\/3281"}],"wp:attachment":[{"href":"https:\/\/www.wuhlesyndikat.de\/wordpress\/wp-json\/wp\/v2\/media?parent=47"}],"curies":[{"name":"wp","href":"https:\/\/api.w.org\/{rel}","templated":true}]}}