{"id":842,"date":"2018-02-15T20:26:26","date_gmt":"2018-02-15T18:26:26","guid":{"rendered":"https:\/\/www.wuhlesyndikat.de\/wordpress\/?page_id=842"},"modified":"2018-02-16T22:23:06","modified_gmt":"2018-02-16T20:23:06","slug":"gasteblock-3","status":"publish","type":"page","link":"https:\/\/www.wuhlesyndikat.de\/wordpress\/gasteblock-3","title":{"rendered":"G\u00e4steblock"},"content":{"rendered":"<h1 style=\"text-align: left;\"><span style=\"color: #000000;\">Ma\u00dfe des G\u00e4steblocks<\/span><\/h1>\n<p>Um gegnerischen Fans m\u00f6gliche Choreo-Planungen zu erleichtern, befindet sich die untenstehende Grafik auf der offiziellen Seite unseres Vereins. Da das den wenigsten Szenen bekannt sein d\u00fcrfte, wollen wir dies auch \u00fcber unsere Homepage publik machen.<\/p>\n<p><img src=\"https:\/\/www.wuhlesyndikat.de\/wordpress\/wp-content\/G\u00e4steblock_2018-02-13-1024x511.jpg\" alt=\"\" width=\"600\" class=\"alignnone size-large wp-image-2501\" srcset=\"https:\/\/www.wuhlesyndikat.de\/wordpress\/wp-content\/G\u00e4steblock_2018-02-13-1024x511.jpg 1024w, https:\/\/www.wuhlesyndikat.de\/wordpress\/wp-content\/G\u00e4steblock_2018-02-13-300x150.jpg 300w, https:\/\/www.wuhlesyndikat.de\/wordpress\/wp-content\/G\u00e4steblock_2018-02-13-768x383.jpg 768w, https:\/\/www.wuhlesyndikat.de\/wordpress\/wp-content\/G\u00e4steblock_2018-02-13.jpg 2000w\" sizes=\"(max-width: 1024px) 100vw, 1024px\" \/><\/p>\n<p>&nbsp;<\/p>\n","protected":false},"excerpt":{"rendered":"<p>Ma\u00dfe des G\u00e4steblocks Um gegnerischen Fans m\u00f6gliche Choreo-Planungen zu erleichtern, befindet sich die untenstehende Grafik auf der offiziellen Seite unseres Vereins. Da das den wenigsten Szenen bekannt sein d\u00fcrfte, wollen wir dies auch \u00fcber unsere Homepage publik machen. &nbsp;<\/p>\n","protected":false},"author":4,"featured_media":0,"parent":0,"menu_order":0,"comment_status":"closed","ping_status":"closed","template":"","meta":[],"_links":{"self":[{"href":"https:\/\/www.wuhlesyndikat.de\/wordpress\/wp-json\/wp\/v2\/pages\/842"}],"collection":[{"href":"https:\/\/www.wuhlesyndikat.de\/wordpress\/wp-json\/wp\/v2\/pages"}],"about":[{"href":"https:\/\/www.wuhlesyndikat.de\/wordpress\/wp-json\/wp\/v2\/types\/page"}],"author":[{"embeddable":true,"href":"https:\/\/www.wuhlesyndikat.de\/wordpress\/wp-json\/wp\/v2\/users\/4"}],"replies":[{"embeddable":true,"href":"https:\/\/www.wuhlesyndikat.de\/wordpress\/wp-json\/wp\/v2\/comments?post=842"}],"version-history":[{"count":41,"href":"https:\/\/www.wuhlesyndikat.de\/wordpress\/wp-json\/wp\/v2\/pages\/842\/revisions"}],"predecessor-version":[{"id":2509,"href":"https:\/\/www.wuhlesyndikat.de\/wordpress\/wp-json\/wp\/v2\/pages\/842\/revisions\/2509"}],"wp:attachment":[{"href":"https:\/\/www.wuhlesyndikat.de\/wordpress\/wp-json\/wp\/v2\/media?parent=842"}],"curies":[{"name":"wp","href":"https:\/\/api.w.org\/{rel}","templated":true}]}}